{"id":14581,"date":"2026-04-05T22:42:39","date_gmt":"2026-04-05T19:42:39","guid":{"rendered":"http:\/\/localhost\/sps-otomasyon\/?post_type=product&#038;p=14581"},"modified":"2026-04-07T11:02:20","modified_gmt":"2026-04-07T08:02:20","slug":"bfk458-18-montaj-flansi","status":"publish","type":"product","link":"https:\/\/lenzetr.com\/?product=bfk458-18-montaj-flansi","title":{"rendered":"BFK458-18 Montaj Flan\u015f\u0131"},"content":{"rendered":"<div class=\"wpb-content-wrapper\"><p>[vc_row][vc_column][vc_column_text css=&#8221;&#8221;]<\/p>\n<h2><span dir=\"auto\">Yayl\u0131 fren i\u00e7in flan\u015f BFK458-18<\/span><\/h2>\n<p><span dir=\"auto\">Uygun bir s\u00fcrt\u00fcnme \u00f6nleyici y\u00fczeyin bulunmad\u0131\u011f\u0131 uygulamalar i\u00e7in.<\/span><br \/>\n<span dir=\"auto\">Ayr\u0131ca (toz, kir ve nemin fren bo\u015flu\u011funa girip \u00e7\u0131kmas\u0131n\u0131 \u00f6nlemek i\u00e7in) bir kapak halkas\u0131yla birlikte de kullan\u0131labilir.<\/span><\/p>\n<h2><span dir=\"auto\">Teknik veriler:<\/span><\/h2>\n<ul>\n<li><span dir=\"auto\">\u00dcretici: Intorq\/Kendrio<\/span><\/li>\n<li><span dir=\"auto\">Beden: 18<\/span><\/li>\n<li><span dir=\"auto\">\u00dcretici Kimlik Numaras\u0131: 00398427<\/span><\/li>\n<li><span dir=\"auto\">s\u00fcr\u00fcm: FeZn<\/span><\/li>\n<\/ul>\n<p>[\/vc_column_text][\/vc_column][\/vc_row]<\/p>\n<\/div>","protected":false},"excerpt":{"rendered":"<p>[vc_row][vc_column][vc_column_text css=&#8221;&#8221;] Yayl\u0131 fren i\u00e7in flan\u015f BFK458-18 Uygun bir s\u00fcrt\u00fcnme \u00f6nleyici y\u00fczeyin bulunmad\u0131\u011f\u0131 uygulamalar i\u00e7in. Ayr\u0131ca (toz, kir ve nemin fren bo\u015flu\u011funa girip \u00e7\u0131kmas\u0131n\u0131 \u00f6nlemek i\u00e7in) bir kapak halkas\u0131yla birlikte de kullan\u0131labilir. Teknik veriler: \u00dcretici: Intorq\/Kendrio Beden: 18 \u00dcretici Kimlik Numaras\u0131: 00398427 s\u00fcr\u00fcm: FeZn [\/vc_column_text][\/vc_column][\/vc_row]<\/p>\n","protected":false},"featured_media":14425,"template":"","meta":[],"product_brand":[254],"product_cat":[265],"product_tag":[],"class_list":{"0":"post-14581","1":"product","2":"type-product","3":"status-publish","4":"has-post-thumbnail","6":"product_brand-kendiron-intorrq","7":"product_cat-bfk458-18","9":"first","10":"instock","11":"shipping-taxable","12":"purchasable","13":"product-type-simple"},"_links":{"self":[{"href":"https:\/\/lenzetr.com\/index.php?rest_route=\/wp\/v2\/product\/14581","targetHints":{"allow":["GET"]}}],"collection":[{"href":"https:\/\/lenzetr.com\/index.php?rest_route=\/wp\/v2\/product"}],"about":[{"href":"https:\/\/lenzetr.com\/index.php?rest_route=\/wp\/v2\/types\/product"}],"wp:featuredmedia":[{"embeddable":true,"href":"https:\/\/lenzetr.com\/index.php?rest_route=\/wp\/v2\/media\/14425"}],"wp:attachment":[{"href":"https:\/\/lenzetr.com\/index.php?rest_route=%2Fwp%2Fv2%2Fmedia&parent=14581"}],"wp:term":[{"taxonomy":"product_brand","embeddable":true,"href":"https:\/\/lenzetr.com\/index.php?rest_route=%2Fwp%2Fv2%2Fproduct_brand&post=14581"},{"taxonomy":"product_cat","embeddable":true,"href":"https:\/\/lenzetr.com\/index.php?rest_route=%2Fwp%2Fv2%2Fproduct_cat&post=14581"},{"taxonomy":"product_tag","embeddable":true,"href":"https:\/\/lenzetr.com\/index.php?rest_route=%2Fwp%2Fv2%2Fproduct_tag&post=14581"}],"curies":[{"name":"wp","href":"https:\/\/api.w.org\/{rel}","templated":true}]}}