{"id":14559,"date":"2026-04-05T21:53:56","date_gmt":"2026-04-05T18:53:56","guid":{"rendered":"http:\/\/localhost\/sps-otomasyon\/?post_type=product&#038;p=14559"},"modified":"2026-04-05T21:53:56","modified_gmt":"2026-04-05T18:53:56","slug":"bfk458-16-el-ile-serbest-birakma-kolu","status":"publish","type":"product","link":"https:\/\/lenzetr.com\/?product=bfk458-16-el-ile-serbest-birakma-kolu","title":{"rendered":"BFK458-16 El \u0130le Serbest B\u0131rakma Kolu"},"content":{"rendered":"<div class=\"wpb-content-wrapper\"><p>[vc_row][vc_column][vc_column_text]<\/p>\n<h2><span dir=\"auto\">Lenze Intorq BFK458-16 yayl\u0131 fren i\u00e7in el b\u0131rakma kolu<\/span><\/h2>\n<p><span dir=\"auto\">Lenze Intorq BFK458 manuel fren b\u0131rakma kolu, freni manuel olarak serbest b\u0131rakmak i\u00e7in kullan\u0131l\u0131r (sonradan da tak\u0131labilir).<\/span><\/p>\n<h2><span dir=\"auto\">Teknik veriler:<\/span><\/h2>\n<ul>\n<li><span dir=\"auto\">\u00dcretici: Intorq\/Kendrio<\/span><\/li>\n<li><span dir=\"auto\">Beden: 16<\/span><\/li>\n<li><span dir=\"auto\">\u00dcretici Kimlik Numaras\u0131: 00401238<\/span><\/li>\n<\/ul>\n<p>[\/vc_column_text][\/vc_column][\/vc_row]<\/p>\n<\/div>","protected":false},"excerpt":{"rendered":"<p>[vc_row][vc_column][vc_column_text] Lenze Intorq BFK458-16 yayl\u0131 fren i\u00e7in el b\u0131rakma kolu Lenze Intorq BFK458 manuel fren b\u0131rakma kolu, freni manuel olarak serbest b\u0131rakmak i\u00e7in kullan\u0131l\u0131r (sonradan da tak\u0131labilir). Teknik veriler: \u00dcretici: Intorq\/Kendrio Beden: 16 \u00dcretici Kimlik Numaras\u0131: 00401238 [\/vc_column_text][\/vc_column][\/vc_row]<\/p>\n","protected":false},"featured_media":14420,"template":"","meta":[],"product_brand":[253,254],"product_cat":[264],"product_tag":[],"class_list":{"0":"post-14559","1":"product","2":"type-product","3":"status-publish","4":"has-post-thumbnail","6":"product_brand-lenze","7":"product_brand-kendiron-intorrq","8":"product_cat-bfk458-16","10":"first","11":"instock","12":"shipping-taxable","13":"purchasable","14":"product-type-simple"},"_links":{"self":[{"href":"https:\/\/lenzetr.com\/index.php?rest_route=\/wp\/v2\/product\/14559","targetHints":{"allow":["GET"]}}],"collection":[{"href":"https:\/\/lenzetr.com\/index.php?rest_route=\/wp\/v2\/product"}],"about":[{"href":"https:\/\/lenzetr.com\/index.php?rest_route=\/wp\/v2\/types\/product"}],"wp:featuredmedia":[{"embeddable":true,"href":"https:\/\/lenzetr.com\/index.php?rest_route=\/wp\/v2\/media\/14420"}],"wp:attachment":[{"href":"https:\/\/lenzetr.com\/index.php?rest_route=%2Fwp%2Fv2%2Fmedia&parent=14559"}],"wp:term":[{"taxonomy":"product_brand","embeddable":true,"href":"https:\/\/lenzetr.com\/index.php?rest_route=%2Fwp%2Fv2%2Fproduct_brand&post=14559"},{"taxonomy":"product_cat","embeddable":true,"href":"https:\/\/lenzetr.com\/index.php?rest_route=%2Fwp%2Fv2%2Fproduct_cat&post=14559"},{"taxonomy":"product_tag","embeddable":true,"href":"https:\/\/lenzetr.com\/index.php?rest_route=%2Fwp%2Fv2%2Fproduct_tag&post=14559"}],"curies":[{"name":"wp","href":"https:\/\/api.w.org\/{rel}","templated":true}]}}