{"id":14543,"date":"2026-04-05T21:25:08","date_gmt":"2026-04-05T18:25:08","guid":{"rendered":"http:\/\/localhost\/sps-otomasyon\/?post_type=product&#038;p=14543"},"modified":"2026-04-05T21:25:09","modified_gmt":"2026-04-05T18:25:09","slug":"bfk458-16e-stator-180v-80nm","status":"publish","type":"product","link":"https:\/\/lenzetr.com\/?product=bfk458-16e-stator-180v-80nm","title":{"rendered":"BFK458-16E Stator 180V 80Nm"},"content":{"rendered":"<div class=\"wpb-content-wrapper\"><p>[vc_row][vc_column][vc_column_text css=&#8221;&#8221;]<\/p>\n<h2><span dir=\"auto\">INTORQ BFK458-16E Stator 180VDC 80Nm<\/span><\/h2>\n<p><span dir=\"auto\">Elektromanyetik olarak serbest b\u0131rak\u0131lan yayl\u0131 frenler, hareket halindeki k\u00fctlelerin m\u00fcmk\u00fcn olan en h\u0131zl\u0131 \u015fekilde yava\u015flat\u0131lmas\u0131 veya k\u00fctlelerin belirli bir pozisyonda tutulmas\u0131 gereken her yerde kullan\u0131l\u0131r.<\/span><br \/>\n<span dir=\"auto\">INTORQ BFK458 mod\u00fcler sisteminin ana bile\u015fenleri, temel mod\u00fcl E (ayarlanabilir fren torku)&#8217;dur.\u00a0<\/span><br \/>\n<span dir=\"auto\">Temel mod\u00fcl E&#8217;nin belirli mod\u00fcllerle birle\u015ftirilmesiyle, \u00e7ok \u00e7e\u015fitli uygulamalar i\u00e7in en y\u00fcksek esneklik elde edilir.<\/span><br \/>\n<span dir=\"auto\">Temel mod\u00fcl E (ayarlanabilir fren torku): Ortada bulunan tork ayar halkas\u0131n\u0131n gev\u015fetilmesiyle yay kuvveti ve dolay\u0131s\u0131yla fren torku azalt\u0131labilir.<\/span><\/p>\n<h2><span dir=\"auto\">Teknik veriler:<\/span><\/h2>\n<ul>\n<li><span dir=\"auto\">\u00dcretici: Kendrion Intorq<\/span><\/li>\n<li><span dir=\"auto\">Tip: INTORQ BFK458-16E<\/span><\/li>\n<li><span dir=\"auto\">\u00dcretici Par\u00e7a Numaras\u0131: 00520182<\/span><\/li>\n<li><span dir=\"auto\">Beden: 16<\/span><\/li>\n<li><span dir=\"auto\">Tasar\u0131m: E (tork ayar halkas\u0131 ile)<\/span><\/li>\n<li><span dir=\"auto\">Nominal gerilim: 180 VDC<\/span><\/li>\n<li><span dir=\"auto\">Karakteristik tork: 35 &#8211; 80\u00a0<\/span>\u00a0<span dir=\"auto\">Nm<\/span><\/li>\n<li><span dir=\"auto\">SVHC (REACH): 115-86-6<\/span><\/li>\n<li><span dir=\"auto\">A\u011f\u0131rl\u0131k: 8,1 kg<\/span><\/li>\n<\/ul>\n<p>[\/vc_column_text][\/vc_column][\/vc_row]<\/p>\n<\/div>","protected":false},"excerpt":{"rendered":"<p>[vc_row][vc_column][vc_column_text css=&#8221;&#8221;] INTORQ BFK458-16E Stator 180VDC 80Nm Elektromanyetik olarak serbest b\u0131rak\u0131lan yayl\u0131 frenler, hareket halindeki k\u00fctlelerin m\u00fcmk\u00fcn olan en h\u0131zl\u0131 \u015fekilde yava\u015flat\u0131lmas\u0131 veya k\u00fctlelerin belirli bir pozisyonda tutulmas\u0131 gereken her yerde kullan\u0131l\u0131r. INTORQ BFK458 mod\u00fcler sisteminin ana bile\u015fenleri, temel mod\u00fcl E (ayarlanabilir fren torku)&#8217;dur.\u00a0 Temel mod\u00fcl E&#8217;nin belirli mod\u00fcllerle birle\u015ftirilmesiyle, \u00e7ok \u00e7e\u015fitli uygulamalar i\u00e7in en [&hellip;]<\/p>\n","protected":false},"featured_media":14384,"template":"","meta":[],"product_brand":[254],"product_cat":[264],"product_tag":[],"class_list":{"0":"post-14543","1":"product","2":"type-product","3":"status-publish","4":"has-post-thumbnail","6":"product_brand-kendiron-intorrq","7":"product_cat-bfk458-16","9":"first","10":"instock","11":"shipping-taxable","12":"purchasable","13":"product-type-simple"},"_links":{"self":[{"href":"https:\/\/lenzetr.com\/index.php?rest_route=\/wp\/v2\/product\/14543","targetHints":{"allow":["GET"]}}],"collection":[{"href":"https:\/\/lenzetr.com\/index.php?rest_route=\/wp\/v2\/product"}],"about":[{"href":"https:\/\/lenzetr.com\/index.php?rest_route=\/wp\/v2\/types\/product"}],"wp:featuredmedia":[{"embeddable":true,"href":"https:\/\/lenzetr.com\/index.php?rest_route=\/wp\/v2\/media\/14384"}],"wp:attachment":[{"href":"https:\/\/lenzetr.com\/index.php?rest_route=%2Fwp%2Fv2%2Fmedia&parent=14543"}],"wp:term":[{"taxonomy":"product_brand","embeddable":true,"href":"https:\/\/lenzetr.com\/index.php?rest_route=%2Fwp%2Fv2%2Fproduct_brand&post=14543"},{"taxonomy":"product_cat","embeddable":true,"href":"https:\/\/lenzetr.com\/index.php?rest_route=%2Fwp%2Fv2%2Fproduct_cat&post=14543"},{"taxonomy":"product_tag","embeddable":true,"href":"https:\/\/lenzetr.com\/index.php?rest_route=%2Fwp%2Fv2%2Fproduct_tag&post=14543"}],"curies":[{"name":"wp","href":"https:\/\/api.w.org\/{rel}","templated":true}]}}