{"id":14538,"date":"2026-04-05T21:13:59","date_gmt":"2026-04-05T18:13:59","guid":{"rendered":"http:\/\/localhost\/sps-otomasyon\/?post_type=product&#038;p=14538"},"modified":"2026-04-05T21:13:59","modified_gmt":"2026-04-05T18:13:59","slug":"intorq-bfk458-14-delikli-flans-icin-vida-seti","status":"publish","type":"product","link":"https:\/\/lenzetr.com\/?product=intorq-bfk458-14-delikli-flans-icin-vida-seti","title":{"rendered":"Intorq BFK458-14 (Delikli Flan\u015f) \u0130\u00e7in Vida Seti"},"content":{"rendered":"<div class=\"wpb-content-wrapper\"><p>[vc_row][vc_column][vc_column_text css=&#8221;&#8221;]<\/p>\n<h2><span dir=\"auto\">Intorq BFK458-14 yayl\u0131 frenler i\u00e7in vida seti (uzun)<\/span><\/h2>\n<p><span dir=\"auto\">Delikli flan\u015fa montaj i\u00e7in vida seti.<\/span><\/p>\n<h2><span dir=\"auto\">Teknik veriler:<\/span><\/h2>\n<ul>\n<li><span dir=\"auto\">Fren boyutu: BFK458-14<\/span><\/li>\n<li><span dir=\"auto\">Tahrik: Alt\u0131gen soket<\/span><\/li>\n<li><span dir=\"auto\">Paket i\u00e7eri\u011fi: 3 adet M8 x 30 mm vida<\/span><\/li>\n<\/ul>\n<p>[\/vc_column_text][\/vc_column][\/vc_row]<\/p>\n<\/div>","protected":false},"excerpt":{"rendered":"<p>[vc_row][vc_column][vc_column_text css=&#8221;&#8221;] Intorq BFK458-14 yayl\u0131 frenler i\u00e7in vida seti (uzun) Delikli flan\u015fa montaj i\u00e7in vida seti. Teknik veriler: Fren boyutu: BFK458-14 Tahrik: Alt\u0131gen soket Paket i\u00e7eri\u011fi: 3 adet M8 x 30 mm vida [\/vc_column_text][\/vc_column][\/vc_row]<\/p>\n","protected":false},"featured_media":14427,"template":"","meta":[],"product_brand":[254],"product_cat":[263],"product_tag":[],"class_list":{"0":"post-14538","1":"product","2":"type-product","3":"status-publish","4":"has-post-thumbnail","6":"product_brand-kendiron-intorrq","7":"product_cat-bfk458-14","9":"first","10":"instock","11":"shipping-taxable","12":"purchasable","13":"product-type-simple"},"_links":{"self":[{"href":"https:\/\/lenzetr.com\/index.php?rest_route=\/wp\/v2\/product\/14538","targetHints":{"allow":["GET"]}}],"collection":[{"href":"https:\/\/lenzetr.com\/index.php?rest_route=\/wp\/v2\/product"}],"about":[{"href":"https:\/\/lenzetr.com\/index.php?rest_route=\/wp\/v2\/types\/product"}],"wp:featuredmedia":[{"embeddable":true,"href":"https:\/\/lenzetr.com\/index.php?rest_route=\/wp\/v2\/media\/14427"}],"wp:attachment":[{"href":"https:\/\/lenzetr.com\/index.php?rest_route=%2Fwp%2Fv2%2Fmedia&parent=14538"}],"wp:term":[{"taxonomy":"product_brand","embeddable":true,"href":"https:\/\/lenzetr.com\/index.php?rest_route=%2Fwp%2Fv2%2Fproduct_brand&post=14538"},{"taxonomy":"product_cat","embeddable":true,"href":"https:\/\/lenzetr.com\/index.php?rest_route=%2Fwp%2Fv2%2Fproduct_cat&post=14538"},{"taxonomy":"product_tag","embeddable":true,"href":"https:\/\/lenzetr.com\/index.php?rest_route=%2Fwp%2Fv2%2Fproduct_tag&post=14538"}],"curies":[{"name":"wp","href":"https:\/\/api.w.org\/{rel}","templated":true}]}}