{"id":14526,"date":"2026-04-05T20:20:14","date_gmt":"2026-04-05T17:20:14","guid":{"rendered":"http:\/\/localhost\/sps-otomasyon\/?post_type=product&#038;p=14526"},"modified":"2026-04-05T20:20:15","modified_gmt":"2026-04-05T17:20:15","slug":"bfk458-14-nabe-14mm-onceden-delinmis","status":"publish","type":"product","link":"https:\/\/lenzetr.com\/?product=bfk458-14-nabe-14mm-onceden-delinmis","title":{"rendered":"BFK458-14 Nabe 14mm \u00d6nceden Delinmi\u015f"},"content":{"rendered":"<div class=\"wpb-content-wrapper\"><p>[vc_row][vc_column][vc_column_text css=&#8221;&#8221;]<\/p>\n<h2><span dir=\"auto\">INTORQ BFK458-14 yayl\u0131 fren g\u00f6be\u011fi, 14 mm \u00f6nceden delinmi\u015f.<\/span><\/h2>\n<p><span dir=\"auto\">Rotora uygulanan frenleme torku,\u00a0\u00a0<\/span><strong><span dir=\"auto\">eksenel di\u015fli bir g\u00f6bek\u00a0<\/span><\/strong><span dir=\"auto\">\u00a0vas\u0131tas\u0131yla giri\u015f miline iletilir.<\/span><\/p>\n<h2><span dir=\"auto\">Teknik veriler:<\/span><\/h2>\n<ul>\n<li><span dir=\"auto\">\u00dcretici: Intorq\/Kendrio<\/span><\/li>\n<li><span dir=\"auto\">\u00dcretici firman\u0131n malzeme numaras\u0131: 00027938<\/span><\/li>\n<li><span dir=\"auto\">Tip: INTORQ BFK458<\/span><\/li>\n<li><span dir=\"auto\">Beden: 14<\/span><\/li>\n<li><span dir=\"auto\">\u0130\u00e7 \u00e7ap: Kama yuvas\u0131 hari\u00e7 14 mm<\/span><\/li>\n<li><span dir=\"auto\">A\u011f\u0131rl\u0131k: 0,2 kg<\/span><\/li>\n<\/ul>\n<p>[\/vc_column_text][\/vc_column][\/vc_row]<\/p>\n<\/div>","protected":false},"excerpt":{"rendered":"<p>[vc_row][vc_column][vc_column_text css=&#8221;&#8221;] INTORQ BFK458-14 yayl\u0131 fren g\u00f6be\u011fi, 14 mm \u00f6nceden delinmi\u015f. Rotora uygulanan frenleme torku,\u00a0\u00a0eksenel di\u015fli bir g\u00f6bek\u00a0\u00a0vas\u0131tas\u0131yla giri\u015f miline iletilir. Teknik veriler: \u00dcretici: Intorq\/Kendrio \u00dcretici firman\u0131n malzeme numaras\u0131: 00027938 Tip: INTORQ BFK458 Beden: 14 \u0130\u00e7 \u00e7ap: Kama yuvas\u0131 hari\u00e7 14 mm A\u011f\u0131rl\u0131k: 0,2 kg [\/vc_column_text][\/vc_column][\/vc_row]<\/p>\n","protected":false},"featured_media":14527,"template":"","meta":[],"product_brand":[254],"product_cat":[263],"product_tag":[],"class_list":{"0":"post-14526","1":"product","2":"type-product","3":"status-publish","4":"has-post-thumbnail","6":"product_brand-kendiron-intorrq","7":"product_cat-bfk458-14","9":"first","10":"instock","11":"shipping-taxable","12":"purchasable","13":"product-type-simple"},"_links":{"self":[{"href":"https:\/\/lenzetr.com\/index.php?rest_route=\/wp\/v2\/product\/14526","targetHints":{"allow":["GET"]}}],"collection":[{"href":"https:\/\/lenzetr.com\/index.php?rest_route=\/wp\/v2\/product"}],"about":[{"href":"https:\/\/lenzetr.com\/index.php?rest_route=\/wp\/v2\/types\/product"}],"wp:featuredmedia":[{"embeddable":true,"href":"https:\/\/lenzetr.com\/index.php?rest_route=\/wp\/v2\/media\/14527"}],"wp:attachment":[{"href":"https:\/\/lenzetr.com\/index.php?rest_route=%2Fwp%2Fv2%2Fmedia&parent=14526"}],"wp:term":[{"taxonomy":"product_brand","embeddable":true,"href":"https:\/\/lenzetr.com\/index.php?rest_route=%2Fwp%2Fv2%2Fproduct_brand&post=14526"},{"taxonomy":"product_cat","embeddable":true,"href":"https:\/\/lenzetr.com\/index.php?rest_route=%2Fwp%2Fv2%2Fproduct_cat&post=14526"},{"taxonomy":"product_tag","embeddable":true,"href":"https:\/\/lenzetr.com\/index.php?rest_route=%2Fwp%2Fv2%2Fproduct_tag&post=14526"}],"curies":[{"name":"wp","href":"https:\/\/api.w.org\/{rel}","templated":true}]}}