{"id":14454,"date":"2026-04-03T21:58:09","date_gmt":"2026-04-03T18:58:09","guid":{"rendered":"http:\/\/localhost\/sps-otomasyon\/?post_type=product&#038;p=14454"},"modified":"2026-04-03T21:58:09","modified_gmt":"2026-04-03T18:58:09","slug":"bfk458-08-montaj-flansi-fezn","status":"publish","type":"product","link":"https:\/\/lenzetr.com\/?product=bfk458-08-montaj-flansi-fezn","title":{"rendered":"BFK458-08 Montaj Flan\u015f\u0131 FeZn"},"content":{"rendered":"<div class=\"wpb-content-wrapper\"><p>[vc_row][vc_column][vc_column_text css=&#8221;&#8221;]<\/p>\n<h2><span dir=\"auto\">Yayl\u0131 fren i\u00e7in flan\u015f BFK458-08<\/span><\/h2>\n<h1 class=\"product-info-title-desktop hyphenate hidden-xs hidden-sm\"><span dir=\"auto\">Uygun bir s\u00fcrt\u00fcnme \u00f6nleyici y\u00fczeyin bulunmad\u0131\u011f\u0131 uygulamalar i\u00e7in.<\/span><br \/>\n<span dir=\"auto\">Ayr\u0131ca (toz, kir ve nemin fren bo\u015flu\u011funa girip \u00e7\u0131kmas\u0131n\u0131 \u00f6nlemek i\u00e7in) bir kapak halkas\u0131yla birlikte de kullan\u0131labilir.<\/span><\/h1>\n<h2><span dir=\"auto\">Teknik veriler:<\/span><\/h2>\n<ul>\n<li><span dir=\"auto\">\u00dcretici: Kendrion Intorq<\/span><\/li>\n<li><span dir=\"auto\">Beden: 08<\/span><\/li>\n<li><span dir=\"auto\">\u00dcreticinin kimlik numaras\u0131: 00397513<\/span><\/li>\n<\/ul>\n<p>[\/vc_column_text][\/vc_column][\/vc_row]<\/p>\n<\/div>","protected":false},"excerpt":{"rendered":"<p>[vc_row][vc_column][vc_column_text css=&#8221;&#8221;] Yayl\u0131 fren i\u00e7in flan\u015f BFK458-08 Uygun bir s\u00fcrt\u00fcnme \u00f6nleyici y\u00fczeyin bulunmad\u0131\u011f\u0131 uygulamalar i\u00e7in. Ayr\u0131ca (toz, kir ve nemin fren bo\u015flu\u011funa girip \u00e7\u0131kmas\u0131n\u0131 \u00f6nlemek i\u00e7in) bir kapak halkas\u0131yla birlikte de kullan\u0131labilir. Teknik veriler: \u00dcretici: Kendrion Intorq Beden: 08 \u00dcreticinin kimlik numaras\u0131: 00397513 [\/vc_column_text][\/vc_column][\/vc_row]<\/p>\n","protected":false},"featured_media":14425,"template":"","meta":[],"product_brand":[254],"product_cat":[260],"product_tag":[],"class_list":{"0":"post-14454","1":"product","2":"type-product","3":"status-publish","4":"has-post-thumbnail","6":"product_brand-kendiron-intorrq","7":"product_cat-bfk458-08","9":"first","10":"instock","11":"shipping-taxable","12":"purchasable","13":"product-type-simple"},"_links":{"self":[{"href":"https:\/\/lenzetr.com\/index.php?rest_route=\/wp\/v2\/product\/14454","targetHints":{"allow":["GET"]}}],"collection":[{"href":"https:\/\/lenzetr.com\/index.php?rest_route=\/wp\/v2\/product"}],"about":[{"href":"https:\/\/lenzetr.com\/index.php?rest_route=\/wp\/v2\/types\/product"}],"wp:featuredmedia":[{"embeddable":true,"href":"https:\/\/lenzetr.com\/index.php?rest_route=\/wp\/v2\/media\/14425"}],"wp:attachment":[{"href":"https:\/\/lenzetr.com\/index.php?rest_route=%2Fwp%2Fv2%2Fmedia&parent=14454"}],"wp:term":[{"taxonomy":"product_brand","embeddable":true,"href":"https:\/\/lenzetr.com\/index.php?rest_route=%2Fwp%2Fv2%2Fproduct_brand&post=14454"},{"taxonomy":"product_cat","embeddable":true,"href":"https:\/\/lenzetr.com\/index.php?rest_route=%2Fwp%2Fv2%2Fproduct_cat&post=14454"},{"taxonomy":"product_tag","embeddable":true,"href":"https:\/\/lenzetr.com\/index.php?rest_route=%2Fwp%2Fv2%2Fproduct_tag&post=14454"}],"curies":[{"name":"wp","href":"https:\/\/api.w.org\/{rel}","templated":true}]}}