{"id":14453,"date":"2026-04-03T21:57:06","date_gmt":"2026-04-03T18:57:06","guid":{"rendered":"http:\/\/localhost\/sps-otomasyon\/?post_type=product&#038;p=14453"},"modified":"2026-04-03T21:57:06","modified_gmt":"2026-04-03T18:57:06","slug":"bfk458-08-surtunme-plakasi","status":"publish","type":"product","link":"https:\/\/lenzetr.com\/?product=bfk458-08-surtunme-plakasi","title":{"rendered":"BFK458-08 S\u00fcrt\u00fcnme Plakas\u0131"},"content":{"rendered":"<div class=\"wpb-content-wrapper\"><p>[vc_row][vc_column][vc_column_text css=&#8221;&#8221;]<\/p>\n<h2><span dir=\"auto\">Yayl\u0131 fren i\u00e7in s\u00fcrt\u00fcnme plakas\u0131 Intorq BFK458-08<\/span><\/h2>\n<p><span dir=\"auto\">Kar\u015f\u0131 y\u00fczeyler p\u00fcr\u00fczs\u00fcz ve i\u015flenmi\u015fse ancak s\u00fcrt\u00fcnme y\u00fczeyi olarak uygun de\u011filse, s\u00fcrt\u00fcnme plakas\u0131 kullan\u0131l\u0131r.<\/span><\/p>\n<h2><span dir=\"auto\">Teknik veriler:<\/span><\/h2>\n<ul>\n<li><span dir=\"auto\">\u00dcretici: Kendrion Intorq<\/span><\/li>\n<li><span dir=\"auto\">Beden: 08<\/span><\/li>\n<li><span dir=\"auto\">\u00dcreticinin kimlik numaras\u0131: 00397514<\/span><\/li>\n<\/ul>\n<p>[\/vc_column_text][\/vc_column][\/vc_row]<\/p>\n<\/div>","protected":false},"excerpt":{"rendered":"<p>[vc_row][vc_column][vc_column_text css=&#8221;&#8221;] Yayl\u0131 fren i\u00e7in s\u00fcrt\u00fcnme plakas\u0131 Intorq BFK458-08 Kar\u015f\u0131 y\u00fczeyler p\u00fcr\u00fczs\u00fcz ve i\u015flenmi\u015fse ancak s\u00fcrt\u00fcnme y\u00fczeyi olarak uygun de\u011filse, s\u00fcrt\u00fcnme plakas\u0131 kullan\u0131l\u0131r. Teknik veriler: \u00dcretici: Kendrion Intorq Beden: 08 \u00dcreticinin kimlik numaras\u0131: 00397514 [\/vc_column_text][\/vc_column][\/vc_row]<\/p>\n","protected":false},"featured_media":14422,"template":"","meta":[],"product_brand":[254],"product_cat":[260],"product_tag":[],"class_list":{"0":"post-14453","1":"product","2":"type-product","3":"status-publish","4":"has-post-thumbnail","6":"product_brand-kendiron-intorrq","7":"product_cat-bfk458-08","9":"first","10":"instock","11":"shipping-taxable","12":"purchasable","13":"product-type-simple"},"_links":{"self":[{"href":"https:\/\/lenzetr.com\/index.php?rest_route=\/wp\/v2\/product\/14453","targetHints":{"allow":["GET"]}}],"collection":[{"href":"https:\/\/lenzetr.com\/index.php?rest_route=\/wp\/v2\/product"}],"about":[{"href":"https:\/\/lenzetr.com\/index.php?rest_route=\/wp\/v2\/types\/product"}],"wp:featuredmedia":[{"embeddable":true,"href":"https:\/\/lenzetr.com\/index.php?rest_route=\/wp\/v2\/media\/14422"}],"wp:attachment":[{"href":"https:\/\/lenzetr.com\/index.php?rest_route=%2Fwp%2Fv2%2Fmedia&parent=14453"}],"wp:term":[{"taxonomy":"product_brand","embeddable":true,"href":"https:\/\/lenzetr.com\/index.php?rest_route=%2Fwp%2Fv2%2Fproduct_brand&post=14453"},{"taxonomy":"product_cat","embeddable":true,"href":"https:\/\/lenzetr.com\/index.php?rest_route=%2Fwp%2Fv2%2Fproduct_cat&post=14453"},{"taxonomy":"product_tag","embeddable":true,"href":"https:\/\/lenzetr.com\/index.php?rest_route=%2Fwp%2Fv2%2Fproduct_tag&post=14453"}],"curies":[{"name":"wp","href":"https:\/\/api.w.org\/{rel}","templated":true}]}}