{"id":14451,"date":"2026-04-03T21:51:47","date_gmt":"2026-04-03T18:51:47","guid":{"rendered":"http:\/\/localhost\/sps-otomasyon\/?post_type=product&#038;p=14451"},"modified":"2026-04-03T21:51:47","modified_gmt":"2026-04-03T18:51:47","slug":"bfk458-08-kapak-halkasi-sizdirmazlik-contasi","status":"publish","type":"product","link":"https:\/\/lenzetr.com\/?product=bfk458-08-kapak-halkasi-sizdirmazlik-contasi","title":{"rendered":"BFK458-08 Kapak Halkas\u0131 (S\u0131zd\u0131rmazl\u0131k Contas\u0131)"},"content":{"rendered":"<div class=\"wpb-content-wrapper\"><p>[vc_row][vc_column][vc_column_text css=&#8221;&#8221;]<\/p>\n<h2><span dir=\"auto\">Intorq BFK458-08 yayl\u0131 fren i\u00e7in conta (kapak halkas\u0131)<\/span><\/h2>\n<p><span dir=\"auto\">Koruyucu halka, frenleme alan\u0131na toz, kir ve nemin girmesini veya \u00e7\u0131kmas\u0131n\u0131 \u00f6nler.<\/span><br \/>\n<span dir=\"auto\">Sadece flan\u015f veya s\u00fcrt\u00fcnme plakas\u0131 ile birlikte monte edilir.<\/span><\/p>\n<h2><span dir=\"auto\">Teknik veriler:<\/span><\/h2>\n<ul>\n<li><span dir=\"auto\">\u00dcretici: Kendrion Intorq<\/span><\/li>\n<li><span dir=\"auto\">Beden: 08<\/span><\/li>\n<li><span dir=\"auto\">Malzeme: Kau\u00e7uk<\/span><\/li>\n<li><span dir=\"auto\">\u00dcreticinin kimlik numaras\u0131: 00405197<\/span><\/li>\n<\/ul>\n<p>[\/vc_column_text][\/vc_column][\/vc_row]<\/p>\n<\/div>","protected":false},"excerpt":{"rendered":"<p>[vc_row][vc_column][vc_column_text css=&#8221;&#8221;] Intorq BFK458-08 yayl\u0131 fren i\u00e7in conta (kapak halkas\u0131) Koruyucu halka, frenleme alan\u0131na toz, kir ve nemin girmesini veya \u00e7\u0131kmas\u0131n\u0131 \u00f6nler. Sadece flan\u015f veya s\u00fcrt\u00fcnme plakas\u0131 ile birlikte monte edilir. Teknik veriler: \u00dcretici: Kendrion Intorq Beden: 08 Malzeme: Kau\u00e7uk \u00dcreticinin kimlik numaras\u0131: 00405197 [\/vc_column_text][\/vc_column][\/vc_row]<\/p>\n","protected":false},"featured_media":14417,"template":"","meta":[],"product_brand":[254],"product_cat":[260],"product_tag":[],"class_list":{"0":"post-14451","1":"product","2":"type-product","3":"status-publish","4":"has-post-thumbnail","6":"product_brand-kendiron-intorrq","7":"product_cat-bfk458-08","9":"first","10":"instock","11":"shipping-taxable","12":"purchasable","13":"product-type-simple"},"_links":{"self":[{"href":"https:\/\/lenzetr.com\/index.php?rest_route=\/wp\/v2\/product\/14451","targetHints":{"allow":["GET"]}}],"collection":[{"href":"https:\/\/lenzetr.com\/index.php?rest_route=\/wp\/v2\/product"}],"about":[{"href":"https:\/\/lenzetr.com\/index.php?rest_route=\/wp\/v2\/types\/product"}],"wp:featuredmedia":[{"embeddable":true,"href":"https:\/\/lenzetr.com\/index.php?rest_route=\/wp\/v2\/media\/14417"}],"wp:attachment":[{"href":"https:\/\/lenzetr.com\/index.php?rest_route=%2Fwp%2Fv2%2Fmedia&parent=14451"}],"wp:term":[{"taxonomy":"product_brand","embeddable":true,"href":"https:\/\/lenzetr.com\/index.php?rest_route=%2Fwp%2Fv2%2Fproduct_brand&post=14451"},{"taxonomy":"product_cat","embeddable":true,"href":"https:\/\/lenzetr.com\/index.php?rest_route=%2Fwp%2Fv2%2Fproduct_cat&post=14451"},{"taxonomy":"product_tag","embeddable":true,"href":"https:\/\/lenzetr.com\/index.php?rest_route=%2Fwp%2Fv2%2Fproduct_tag&post=14451"}],"curies":[{"name":"wp","href":"https:\/\/api.w.org\/{rel}","templated":true}]}}