{"id":14444,"date":"2026-04-03T21:38:40","date_gmt":"2026-04-03T18:38:40","guid":{"rendered":"http:\/\/localhost\/sps-otomasyon\/?post_type=product&#038;p=14444"},"modified":"2026-04-03T21:38:40","modified_gmt":"2026-04-03T18:38:40","slug":"bfk458-08-10-gobek-capi-14mm","status":"publish","type":"product","link":"https:\/\/lenzetr.com\/?product=bfk458-08-10-gobek-capi-14mm","title":{"rendered":"BFK458-08\/10 G\u00f6bek \u00c7ap\u0131 14mm"},"content":{"rendered":"<div class=\"wpb-content-wrapper\"><p>[vc_row][vc_column][vc_column_text css=&#8221;&#8221;]<\/p>\n<h2><span dir=\"auto\">INTORQ BFK458-08\/BFK458-10 yayl\u0131 fren g\u00f6be\u011fi<\/span><\/h2>\n<p><span dir=\"auto\">Rotora uygulanan frenleme torku,\u00a0\u00a0<\/span><strong><span dir=\"auto\">eksenel di\u015fli bir g\u00f6bek\u00a0<\/span><\/strong><span dir=\"auto\">\u00a0vas\u0131tas\u0131yla giri\u015f miline iletilir.<\/span><\/p>\n<h2><span dir=\"auto\">Teknik veriler:<\/span><\/h2>\n<ul>\n<li><span dir=\"auto\">\u00dcretici: Kendrion Intorq<\/span><\/li>\n<li><span dir=\"auto\">\u00dcretici firman\u0131n malzeme numaras\u0131: 0788826<\/span><\/li>\n<li><span dir=\"auto\">Tip: INTORQ BFK458<\/span><\/li>\n<li><span dir=\"auto\">Boyut: 08\/10<\/span><\/li>\n<li><span dir=\"auto\">Delik \u00e7ap\u0131: 14 mm<\/span><\/li>\n<li><span dir=\"auto\">A\u011f\u0131rl\u0131k: 0,1 kg<\/span><\/li>\n<\/ul>\n<p>[\/vc_column_text][\/vc_column][\/vc_row]<\/p>\n<\/div>","protected":false},"excerpt":{"rendered":"<p>[vc_row][vc_column][vc_column_text css=&#8221;&#8221;] INTORQ BFK458-08\/BFK458-10 yayl\u0131 fren g\u00f6be\u011fi Rotora uygulanan frenleme torku,\u00a0\u00a0eksenel di\u015fli bir g\u00f6bek\u00a0\u00a0vas\u0131tas\u0131yla giri\u015f miline iletilir. Teknik veriler: \u00dcretici: Kendrion Intorq \u00dcretici firman\u0131n malzeme numaras\u0131: 0788826 Tip: INTORQ BFK458 Boyut: 08\/10 Delik \u00e7ap\u0131: 14 mm A\u011f\u0131rl\u0131k: 0,1 kg [\/vc_column_text][\/vc_column][\/vc_row]<\/p>\n","protected":false},"featured_media":14411,"template":"","meta":[],"product_brand":[254],"product_cat":[260],"product_tag":[],"class_list":{"0":"post-14444","1":"product","2":"type-product","3":"status-publish","4":"has-post-thumbnail","6":"product_brand-kendiron-intorrq","7":"product_cat-bfk458-08","9":"first","10":"instock","11":"shipping-taxable","12":"purchasable","13":"product-type-simple"},"_links":{"self":[{"href":"https:\/\/lenzetr.com\/index.php?rest_route=\/wp\/v2\/product\/14444","targetHints":{"allow":["GET"]}}],"collection":[{"href":"https:\/\/lenzetr.com\/index.php?rest_route=\/wp\/v2\/product"}],"about":[{"href":"https:\/\/lenzetr.com\/index.php?rest_route=\/wp\/v2\/types\/product"}],"wp:featuredmedia":[{"embeddable":true,"href":"https:\/\/lenzetr.com\/index.php?rest_route=\/wp\/v2\/media\/14411"}],"wp:attachment":[{"href":"https:\/\/lenzetr.com\/index.php?rest_route=%2Fwp%2Fv2%2Fmedia&parent=14444"}],"wp:term":[{"taxonomy":"product_brand","embeddable":true,"href":"https:\/\/lenzetr.com\/index.php?rest_route=%2Fwp%2Fv2%2Fproduct_brand&post=14444"},{"taxonomy":"product_cat","embeddable":true,"href":"https:\/\/lenzetr.com\/index.php?rest_route=%2Fwp%2Fv2%2Fproduct_cat&post=14444"},{"taxonomy":"product_tag","embeddable":true,"href":"https:\/\/lenzetr.com\/index.php?rest_route=%2Fwp%2Fv2%2Fproduct_tag&post=14444"}],"curies":[{"name":"wp","href":"https:\/\/api.w.org\/{rel}","templated":true}]}}