{"id":14372,"date":"2026-04-03T19:35:57","date_gmt":"2026-04-03T16:35:57","guid":{"rendered":"http:\/\/localhost\/sps-otomasyon\/?post_type=product&#038;p=14372"},"modified":"2026-04-03T19:35:57","modified_gmt":"2026-04-03T16:35:57","slug":"beg-561-255-130-kopru-yarim-dalga-dogrultucu-6-kutuplu-1300-ms","status":"publish","type":"product","link":"https:\/\/lenzetr.com\/?product=beg-561-255-130-kopru-yarim-dalga-dogrultucu-6-kutuplu-1300-ms","title":{"rendered":"BEG-561-255-130 K\u00f6pr\u00fc-Yar\u0131m Dalga Do\u011frultucu 6 Kutuplu 1300 ms"},"content":{"rendered":"<div class=\"wpb-content-wrapper\"><p>[vc_row][vc_column][vc_column_text css=&#8221;&#8221;]<\/p>\n<h2><span dir=\"auto\">BEG-561-255-130 K\u00f6pr\u00fc-Yar\u0131m Dalga Do\u011frultucu 6 Kutuplu<\/span><\/h2>\n<p><span dir=\"auto\">K\u00f6pr\u00fc tipi yar\u0131m dalga do\u011frultucular, elektromanyetik yayl\u0131 DC frenlerin beslenmesine olanak sa\u011flar ve bu frenler, s\u00f6z konusu do\u011frultucularla \u00e7al\u0131\u015fma i\u00e7in serbest b\u0131rak\u0131l\u0131r.<\/span><br \/>\n<span dir=\"auto\">\u00d6rnek: 230 VAC \u015febekede 205 VDC bobin.<\/span><br \/>\n<span dir=\"auto\">Do\u011frultucular, giri\u015f ve \u00e7\u0131k\u0131\u015f varist\u00f6rleri ile a\u015f\u0131r\u0131 gerilime kar\u015f\u0131 korunmaktad\u0131r.<\/span><\/p>\n<h2><span dir=\"auto\">Teknik veriler:<\/span><\/h2>\n<ul>\n<li><span dir=\"auto\">\u00dcretici: Kendrion Intorq<\/span><\/li>\n<li><span dir=\"auto\">Tip: BEG-561-255-130<\/span><\/li>\n<li><span dir=\"auto\">Ba\u011flant\u0131: 6 kutuplu<\/span><\/li>\n<li><span dir=\"auto\">Maksimum \u015febeke voltaj\u0131: 270 V~<\/span><\/li>\n<li><span dir=\"auto\">Maksimum besleme gerilimi: 255 V AC<\/span><\/li>\n<li><span dir=\"auto\">Maksimum DC ak\u0131m\u0131: 60\u00b0C&#8217;de 3,0 A \/ 1,5 A<\/span><\/li>\n<li><span dir=\"auto\">Montaj pozisyonu:\u00a0<\/span><strong><span dir=\"auto\">yatay<\/span><\/strong><\/li>\n<li><span dir=\"auto\">A\u015f\u0131r\u0131 uyar\u0131lma s\u00fcresi:\u00a0<\/span><strong><span dir=\"auto\">1.300 ms<\/span><\/strong><\/li>\n<\/ul>\n<p>[\/vc_column_text][\/vc_column][\/vc_row]<\/p>\n<\/div>","protected":false},"excerpt":{"rendered":"<p>[vc_row][vc_column][vc_column_text css=&#8221;&#8221;] BEG-561-255-130 K\u00f6pr\u00fc-Yar\u0131m Dalga Do\u011frultucu 6 Kutuplu K\u00f6pr\u00fc tipi yar\u0131m dalga do\u011frultucular, elektromanyetik yayl\u0131 DC frenlerin beslenmesine olanak sa\u011flar ve bu frenler, s\u00f6z konusu do\u011frultucularla \u00e7al\u0131\u015fma i\u00e7in serbest b\u0131rak\u0131l\u0131r. \u00d6rnek: 230 VAC \u015febekede 205 VDC bobin. Do\u011frultucular, giri\u015f ve \u00e7\u0131k\u0131\u015f varist\u00f6rleri ile a\u015f\u0131r\u0131 gerilime kar\u015f\u0131 korunmaktad\u0131r. Teknik veriler: \u00dcretici: Kendrion Intorq Tip: BEG-561-255-130 Ba\u011flant\u0131: [&hellip;]<\/p>\n","protected":false},"featured_media":14371,"template":"","meta":[],"product_brand":[254],"product_cat":[148],"product_tag":[],"class_list":{"0":"post-14372","1":"product","2":"type-product","3":"status-publish","4":"has-post-thumbnail","6":"product_brand-kendiron-intorrq","7":"product_cat-dogrultucular","9":"first","10":"instock","11":"shipping-taxable","12":"purchasable","13":"product-type-simple"},"_links":{"self":[{"href":"https:\/\/lenzetr.com\/index.php?rest_route=\/wp\/v2\/product\/14372","targetHints":{"allow":["GET"]}}],"collection":[{"href":"https:\/\/lenzetr.com\/index.php?rest_route=\/wp\/v2\/product"}],"about":[{"href":"https:\/\/lenzetr.com\/index.php?rest_route=\/wp\/v2\/types\/product"}],"wp:featuredmedia":[{"embeddable":true,"href":"https:\/\/lenzetr.com\/index.php?rest_route=\/wp\/v2\/media\/14371"}],"wp:attachment":[{"href":"https:\/\/lenzetr.com\/index.php?rest_route=%2Fwp%2Fv2%2Fmedia&parent=14372"}],"wp:term":[{"taxonomy":"product_brand","embeddable":true,"href":"https:\/\/lenzetr.com\/index.php?rest_route=%2Fwp%2Fv2%2Fproduct_brand&post=14372"},{"taxonomy":"product_cat","embeddable":true,"href":"https:\/\/lenzetr.com\/index.php?rest_route=%2Fwp%2Fv2%2Fproduct_cat&post=14372"},{"taxonomy":"product_tag","embeddable":true,"href":"https:\/\/lenzetr.com\/index.php?rest_route=%2Fwp%2Fv2%2Fproduct_tag&post=14372"}],"curies":[{"name":"wp","href":"https:\/\/api.w.org\/{rel}","templated":true}]}}