{"id":14226,"date":"2026-04-02T22:37:03","date_gmt":"2026-04-02T19:37:03","guid":{"rendered":"http:\/\/localhost\/sps-otomasyon\/?post_type=product&#038;p=14226"},"modified":"2026-04-02T22:37:03","modified_gmt":"2026-04-02T19:37:03","slug":"ts2651n221e78-cozucu","status":"publish","type":"product","link":"https:\/\/lenzetr.com\/?product=ts2651n221e78-cozucu","title":{"rendered":"TS2651N221E78 \u00c7\u00f6z\u00fcc\u00fc"},"content":{"rendered":"<div class=\"wpb-content-wrapper\"><p>[vc_row][vc_column][vc_column_text]<\/p>\n<h2><span dir=\"auto\">TS2651N221E78 \u00c7\u00f6z\u00fcmleyici Tamagawa Seiki<\/span><\/h2>\n<h2><span dir=\"auto\">Teknik veriler:<\/span><\/h2>\n<ul>\n<li><span dir=\"auto\">\u00dcretici: Tamagawa<\/span><\/li>\n<li><span dir=\"auto\">Ba\u011flant\u0131 t\u00fcr\u00fc: kablo<\/span><\/li>\n<li><span dir=\"auto\">Tip: TS2651N221E78<\/span><\/li>\n<li><span dir=\"auto\">Giri\u015f voltaj\u0131: 10 V<\/span><\/li>\n<li><span dir=\"auto\">Maksimum mekanik h\u0131z: 8.000 dev\/dak<\/span><\/li>\n<li><span dir=\"auto\">S\u0131cakl\u0131k aral\u0131\u011f\u0131: -30 \u00b0C &#8211; 120 \u00b0C<\/span><\/li>\n<li><span dir=\"auto\">\u015faft tipi: Hohlwelle<\/span><\/li>\n<li><span dir=\"auto\">\u015eaft \u00e7ap\u0131: 14 mm<\/span><\/li>\n<li><span dir=\"auto\">Kablo uzunlu\u011fu: 1 m<\/span><\/li>\n<li><span dir=\"auto\">Koruma kodu: IP54<\/span><\/li>\n<li><span dir=\"auto\">tasar\u0131m: tork deste\u011fi ile<\/span><\/li>\n<\/ul>\n<p><span dir=\"auto\">Bu \u00e7\u00f6z\u00fcc\u00fc, kendini kan\u0131tlam\u0131\u015f TS2651N141E78&#8217;in halefidir.<\/span><br \/>\n<span dir=\"auto\">\u0130kisi de yap\u0131 olarak ayn\u0131d\u0131r, ancak halefi daha geni\u015f bir s\u0131cakl\u0131k aral\u0131\u011f\u0131na sahiptir.<\/span>[\/vc_column_text][\/vc_column][\/vc_row]<\/p>\n<\/div>","protected":false},"excerpt":{"rendered":"<p>[vc_row][vc_column][vc_column_text] TS2651N221E78 \u00c7\u00f6z\u00fcmleyici Tamagawa Seiki Teknik veriler: \u00dcretici: Tamagawa Ba\u011flant\u0131 t\u00fcr\u00fc: kablo Tip: TS2651N221E78 Giri\u015f voltaj\u0131: 10 V Maksimum mekanik h\u0131z: 8.000 dev\/dak S\u0131cakl\u0131k aral\u0131\u011f\u0131: -30 \u00b0C &#8211; 120 \u00b0C \u015faft tipi: Hohlwelle \u015eaft \u00e7ap\u0131: 14 mm Kablo uzunlu\u011fu: 1 m Koruma kodu: IP54 tasar\u0131m: tork deste\u011fi ile Bu \u00e7\u00f6z\u00fcc\u00fc, kendini kan\u0131tlam\u0131\u015f TS2651N141E78&#8217;in halefidir. \u0130kisi [&hellip;]<\/p>\n","protected":false},"featured_media":14228,"template":"","meta":[],"product_brand":[255],"product_cat":[144],"product_tag":[],"class_list":{"0":"post-14226","1":"product","2":"type-product","3":"status-publish","4":"has-post-thumbnail","6":"product_brand-tamagawa-seiki","7":"product_cat-frenler","9":"first","10":"instock","11":"shipping-taxable","12":"purchasable","13":"product-type-simple"},"_links":{"self":[{"href":"https:\/\/lenzetr.com\/index.php?rest_route=\/wp\/v2\/product\/14226","targetHints":{"allow":["GET"]}}],"collection":[{"href":"https:\/\/lenzetr.com\/index.php?rest_route=\/wp\/v2\/product"}],"about":[{"href":"https:\/\/lenzetr.com\/index.php?rest_route=\/wp\/v2\/types\/product"}],"wp:featuredmedia":[{"embeddable":true,"href":"https:\/\/lenzetr.com\/index.php?rest_route=\/wp\/v2\/media\/14228"}],"wp:attachment":[{"href":"https:\/\/lenzetr.com\/index.php?rest_route=%2Fwp%2Fv2%2Fmedia&parent=14226"}],"wp:term":[{"taxonomy":"product_brand","embeddable":true,"href":"https:\/\/lenzetr.com\/index.php?rest_route=%2Fwp%2Fv2%2Fproduct_brand&post=14226"},{"taxonomy":"product_cat","embeddable":true,"href":"https:\/\/lenzetr.com\/index.php?rest_route=%2Fwp%2Fv2%2Fproduct_cat&post=14226"},{"taxonomy":"product_tag","embeddable":true,"href":"https:\/\/lenzetr.com\/index.php?rest_route=%2Fwp%2Fv2%2Fproduct_tag&post=14226"}],"curies":[{"name":"wp","href":"https:\/\/api.w.org\/{rel}","templated":true}]}}