{"id":13945,"date":"2026-04-01T23:44:40","date_gmt":"2026-04-01T20:44:40","guid":{"rendered":"http:\/\/localhost\/sps-otomasyon\/?post_type=product&#038;p=13945"},"modified":"2026-04-13T18:25:39","modified_gmt":"2026-04-13T15:25:39","slug":"bfk458-08e-yayli-fren-intorq","status":"publish","type":"product","link":"https:\/\/lenzetr.com\/?product=bfk458-08e-yayli-fren-intorq","title":{"rendered":"BFK458-08E Yayl\u0131 Fren Intorq"},"content":{"rendered":"<div class=\"wpb-content-wrapper\"><p>[vc_row][vc_column][vc_column_text css=&#8221;&#8221;]<\/p>\n<h2><span dir=\"auto\">BFK458-08E Yayl\u0131 fren Intorq<\/span><\/h2>\n<p><span dir=\"auto\">Elektromanyetik olarak serbest b\u0131rak\u0131lan yayl\u0131 frenler, hareket halindeki k\u00fctlelerin m\u00fcmk\u00fcn olan en h\u0131zl\u0131 \u015fekilde yava\u015flat\u0131lmas\u0131 gereken veya k\u00fctlelerin belirli bir konumda tutulmas\u0131 gereken her yerde kullan\u0131l\u0131r.<\/span><br \/>\n<span dir=\"auto\">Frenleme kuvveti, itici yaylar taraf\u0131ndan uygulan\u0131r. Bu nedenle, s\u00fcrt\u00fcnme kilitlemesiyle \u00fcretilen frenleme torku, \u015febeke ar\u0131zas\u0131 durumunda bile, enerjisiz durumda kullan\u0131labilir durumda kal\u0131r. Fren elektromanyetik olarak serbest b\u0131rak\u0131l\u0131r.\u00a0<\/span><\/p>\n<h2><span dir=\"auto\">Uygulama alanlar\u0131:<\/span><\/h2>\n<p><span dir=\"auto\">Fren motorlar\u0131, Konvey\u00f6rler, Vin\u00e7ler, Depolama teknolojisi, End\u00fcstriyel forkliftler, A\u011fa\u00e7 i\u015fleme makineleri, Sahne makineleri, Engelli ara\u00e7lar\u0131, Otomasyon teknolojisi, Kontroll\u00fc tahrik sistemleri, Kap\u0131 tahrik sistemleri ve Y\u00fcr\u00fcyen merdivenler.<\/span><\/p>\n<h2><span dir=\"auto\">Frenleme torkunu azaltmak:<\/span><\/h2>\n<p><span dir=\"auto\">Temel mod\u00fcl E (ayarlanabilir fren torku): Ortada bulunan tork ayar halkas\u0131n\u0131 gev\u015feterek yay kuvvetini ve dolay\u0131s\u0131yla fren torkunu azaltabilirsiniz.\u00a0<\/span><\/p>\n<h2><span dir=\"auto\">Komple fren sistemi \u015funlardan olu\u015fmaktad\u0131r:\u00a0<\/span><\/h2>\n<ul>\n<li><span dir=\"auto\">Stator (M\u0131knat\u0131s par\u00e7as\u0131) komple Temel E-Ayarlanabilir\u00a0<\/span><\/li>\n<li><span dir=\"auto\">Rotor (standart olarak al\u00fcminyum)<\/span><\/li>\n<li><span dir=\"auto\">Merkez\u00a0<\/span><\/li>\n<\/ul>\n<h2><span dir=\"auto\">Teknik veriler:<\/span><\/h2>\n<ul>\n<li><span dir=\"auto\">\u00dcretici: Kendrion Intorq<\/span><\/li>\n<li><span dir=\"auto\">Tip: BFK458<\/span><\/li>\n<li><span dir=\"auto\">boyut: 08<\/span><\/li>\n<li><span dir=\"auto\">Tasar\u0131m: E \u2013 ayarlanabilir fren torku<\/span><\/li>\n<li><span dir=\"auto\">Karakteristik tork: 8 Nm maks.<\/span><\/li>\n<\/ul>\n<p>[\/vc_column_text][\/vc_column][\/vc_row]<\/p>\n<\/div>","protected":false},"excerpt":{"rendered":"<p>[vc_row][vc_column][vc_column_text css=&#8221;&#8221;] BFK458-08E Yayl\u0131 fren Intorq Elektromanyetik olarak serbest b\u0131rak\u0131lan yayl\u0131 frenler, hareket halindeki k\u00fctlelerin m\u00fcmk\u00fcn olan en h\u0131zl\u0131 \u015fekilde yava\u015flat\u0131lmas\u0131 gereken veya k\u00fctlelerin belirli bir konumda tutulmas\u0131 gereken her yerde kullan\u0131l\u0131r. Frenleme kuvveti, itici yaylar taraf\u0131ndan uygulan\u0131r. Bu nedenle, s\u00fcrt\u00fcnme kilitlemesiyle \u00fcretilen frenleme torku, \u015febeke ar\u0131zas\u0131 durumunda bile, enerjisiz durumda kullan\u0131labilir durumda kal\u0131r. Fren [&hellip;]<\/p>\n","protected":false},"featured_media":13899,"template":"","meta":[],"product_brand":[254],"product_cat":[186],"product_tag":[],"class_list":{"0":"post-13945","1":"product","2":"type-product","3":"status-publish","4":"has-post-thumbnail","6":"product_brand-kendiron-intorrq","7":"product_cat-bfk458-komple-frenler","8":"pa_gerilim-24-vdc","9":"pa_gerilim-103-vdc","10":"pa_gerilim-180-vdc","11":"pa_gerilim-205-vdc","12":"pa_gobek-delik-capi-20-mm","13":"pa_gobek-delik-capi-11-mm","14":"pa_gobek-delik-capi-12-mm","15":"pa_gobek-delik-capi-14-mm","16":"pa_gobek-delik-capi-15-mm","18":"first","19":"instock","20":"shipping-taxable","21":"purchasable","22":"product-type-variable"},"_links":{"self":[{"href":"https:\/\/lenzetr.com\/index.php?rest_route=\/wp\/v2\/product\/13945","targetHints":{"allow":["GET"]}}],"collection":[{"href":"https:\/\/lenzetr.com\/index.php?rest_route=\/wp\/v2\/product"}],"about":[{"href":"https:\/\/lenzetr.com\/index.php?rest_route=\/wp\/v2\/types\/product"}],"wp:featuredmedia":[{"embeddable":true,"href":"https:\/\/lenzetr.com\/index.php?rest_route=\/wp\/v2\/media\/13899"}],"wp:attachment":[{"href":"https:\/\/lenzetr.com\/index.php?rest_route=%2Fwp%2Fv2%2Fmedia&parent=13945"}],"wp:term":[{"taxonomy":"product_brand","embeddable":true,"href":"https:\/\/lenzetr.com\/index.php?rest_route=%2Fwp%2Fv2%2Fproduct_brand&post=13945"},{"taxonomy":"product_cat","embeddable":true,"href":"https:\/\/lenzetr.com\/index.php?rest_route=%2Fwp%2Fv2%2Fproduct_cat&post=13945"},{"taxonomy":"product_tag","embeddable":true,"href":"https:\/\/lenzetr.com\/index.php?rest_route=%2Fwp%2Fv2%2Fproduct_tag&post=13945"}],"curies":[{"name":"wp","href":"https:\/\/api.w.org\/{rel}","templated":true}]}}